{"id":3468,"date":"2025-06-06T06:36:47","date_gmt":"2025-06-06T04:36:47","guid":{"rendered":"https:\/\/ceaf.egovspace.com\/?page_id=3468"},"modified":"2025-06-10T14:29:54","modified_gmt":"2025-06-10T12:29:54","slug":"aumonerie-des-hopitaux","status":"publish","type":"page","link":"https:\/\/ceaf.fr\/index.php\/aumonerie-des-hopitaux\/","title":{"rendered":"Aum\u00f4nerie des Hopitaux"},"content":{"rendered":"<div class=\"wpb-content-wrapper\"><p>[vc_row css=&#8221;.vc_custom_1749185784671{padding-top: 110px !important;padding-bottom: 50px !important;}&#8221;][vc_column width=&#8221;1\/2&#8243;][vc_column_text css=&#8221;&#8221;]<\/p>\n<p style=\"text-align: justify;\">L\u2019Aum\u00f4nerie des \u00c9tablissements Sanitaires et M\u00e9dico-sociaux (AESMS) est un Service de la F\u00e9d\u00e9ration Protestante de France. \u00ab Le Service AESMS a pour mission d\u2019assurer la pr\u00e9sence d\u2019aum\u00f4niers et d\u2019auxiliaires protestants form\u00e9s et agr\u00e9\u00e9s au sein des \u00e9tablissements sanitaires et m\u00e9dico-sociaux(AESMS) afin de permettre aux personnes malades, handicap\u00e9es, \u00e2g\u00e9es qui le souhaitent de b\u00e9n\u00e9ficier d\u2019un accompagnement spirituel et religieux.<\/p>\n<p style=\"text-align: justify;\">150 aum\u00f4niers et 2000 auxiliaires d\u2019aum\u00f4nerie, envoy\u00e9s par leur \u00c9glise, dans une dynamique et une organisation de plus en plus f\u00e9d\u00e9rative, exercent, au nom de leur foi en J\u00e9sus-Christ, ce minist\u00e8re primordial et d\u00e9licat. \u00bb Extrait du rapport de service 2017, pr\u00e9sent\u00e9 \u00e0 l\u2019assembl\u00e9e g\u00e9n\u00e9rale 2018 de la F\u00e9d\u00e9ration Protestante de France.<\/p>\n<p>[\/vc_column_text][vc_custom_heading text=&#8221;\u00ab J\u2019\u00e9tais malade et vous m\u2019avez visit\u00e9\u2026 \u00bb (Matthieu, 25\/36).&#8221; font_container=&#8221;tag:h4|text_align:center&#8221; css=&#8221;&#8221;][\/vc_column][vc_column width=&#8221;1\/2&#8243;]\t\t<div  class=\"sigma_custom_images_wrapper sigma-custom-images-1634673892 sigma-shortcode-wrapper custom-images-style-2\">\r\n\t\t\t          <div class=\"img-group-2\">\r\n                          <img decoding=\"async\" src=\"https:\/\/ceaf.fr\/wp-content\/uploads\/2021\/09\/ministries-img-2-6.jpg\" alt=\"about\">\r\n                      <\/div>\r\n\t\t<\/div>\r\n\t\t[\/vc_column][\/vc_row][vc_row full_width=&#8221;stretch_row&#8221; css=&#8221;.vc_custom_1749185891488{background-color: rgba(26,55,115,0.08) !important;*background-color: rgb(26,55,115) !important;}&#8221;][vc_column css=&#8221;.vc_custom_1749184486239{padding-top: 50px !important;}&#8221;][vc_column_text css=&#8221;&#8221;]<\/p>\n<p style=\"text-align: justify;\">La premi\u00e8re mission de l\u2019aum\u00f4nier est la visite. La rencontre des malades constitue le c\u0153ur de notre activit\u00e9 \u00e0 l\u2019h\u00f4pital. Nos rencontres sont d\u2019abord des accompagnements d\u2019ordre humain avant d\u2019\u00eatre spirituel et religieux. Selon les personnes visit\u00e9es, ces accompagnements peuvent prendre diff\u00e9rentes formes: un temps d\u2019\u00e9coute, un temps de partage d\u2019un texte biblique ou un temps de pri\u00e8re, selon qu\u2019il s\u2019agit d\u2019un simple malade, ou d\u2019une personne en fin de vie, ou suite \u00e0 un d\u00e9c\u00e8s.<\/p>\n<p style=\"text-align: justify;\">Le travail d\u2019\u00e9coute, face \u00e0 la maladie, aux questionnements sur le sens de la souffrance et de la vie, face \u00e0 la vieillesse et \u00e0 l\u2019approche de la mort, nous am\u00e8ne \u00e0 prendre du temps \u00e0 l\u2019h\u00f4pital aupr\u00e8s des patients, aupr\u00e8s des r\u00e9sidents ou encore aupr\u00e8s de leurs proches.<\/p>\n<p>[\/vc_column_text][\/vc_column][\/vc_row][vc_row full_width=&#8221;stretch_row&#8221; css=&#8221;.vc_custom_1749257603335{background-color: rgba(26,55,115,0.08) !important;*background-color: rgb(26,55,115) !important;}&#8221;][vc_column][vc_column_text css=&#8221;&#8221;]L\u2019Aum\u00f4nier :[\/vc_column_text]\t\t<div  class=\"sigma_list_wrapper sigma-list-1437924159 sigma-shortcode-wrapper\">\r\n\t\t\t<div class=\"sigma-list-wrapper style-2\">\r\n\t<ul class=\"sigma-list\">\r\n\t\t\t\t\t\t\t<li class=\"list-item\">\r\n\t\t\t\t\t\t\t\t\t\t\t\t\t\t\t<div class=\"sigma-list-icon\"><i class=\"fas fa-burn\"><\/i><\/div>\r\n\t\t\t\t\t\t\t\t\t\t\t\t\t\t\t\t\t\t\t\t\t\t<p class=\"sigma-list-info \">\r\n\t\t\t\t\t\t\tR\u00e9pond \u00e0 toutes les demandes de visite, formul\u00e9es par les services, les malades ou leurs proches, quels que soient l\u2019heure et le jour.\t\t\t\t\t\t\t<\/p>\r\n\t\t\t\t\t\t\t\t\t\t\t<\/li>\r\n\t\t\t\t\t\t\t\t\t\t<li class=\"list-item\">\r\n\t\t\t\t\t\t\t\t\t\t\t\t\t\t\t<div class=\"sigma-list-icon\"><i class=\"fas fa-burn\"><\/i><\/div>\r\n\t\t\t\t\t\t\t\t\t\t\t\t\t\t\t\t\t\t\t\t\t\t<p class=\"sigma-list-info \">\r\n\t\t\t\t\t\t\tRecrute, Forme et Accompagne les auxiliaires b\u00e9n\u00e9voles dans leur activit\u00e9 afin d\u2019aider chacun \u00e0 mieux vivre et remplir sa mission de visiteur des malades\t\t\t\t\t\t\t<\/p>\r\n\t\t\t\t\t\t\t\t\t\t\t<\/li>\r\n\t\t\t\t\t\t<\/ul>\r\n<\/div>\r\n\t\t<\/div>\r\n\t\t[\/vc_column][\/vc_row][vc_row css=&#8221;.vc_custom_1749258096720{padding-top: 50px !important;padding-bottom: 30px !important;}&#8221;][vc_column width=&#8221;1\/2&#8243;]\t\t<div  class=\"sigma_custom_images_wrapper sigma-custom-images-1822983014 sigma-shortcode-wrapper custom-images-style-2\">\r\n\t\t\t          <div class=\"img-group-2\">\r\n                          <img decoding=\"async\" src=\"https:\/\/ceaf.fr\/wp-content\/uploads\/2025\/06\/IMG_9528-768x512-1.jpg\" alt=\"about\">\r\n                      <\/div>\r\n\t\t<\/div>\r\n\t\t[\/vc_column][vc_column width=&#8221;1\/2&#8243;][vc_column_text css=&#8221;&#8221;]<\/p>\n<p style=\"text-align: justify;\">Apr\u00e8s avoir constitu\u00e9 son dossier de demande d\u2019agr\u00e9ment, le pasteur Emmanuel KAMONDJI a \u00e9t\u00e9 recommand\u00e9 par la CEAF \u00e0 l\u2019Aum\u00f4nerie Nationale-FPF, et il a re\u00e7u l\u2019agr\u00e9ment n\u00e9cessaire pour \u00eatre aum\u00f4nier au Centre Hospitalier R\u00e9gional Universitaire de Lille depuis le mois de septembre 2017.<\/p>\n<p style=\"text-align: justify;\">Formation : Pasteur Kamondji a obtenu le Dipl\u00f4me Universitaire d\u2019Aum\u00f4nier, Formation Th\u00e9ologique et Professionnelle \u00e0 l\u2019Universit\u00e9 de Strasbourg. Il a suivi aussi la formation \u201cLa\u00efcit\u00e9\u201d \u00e0 la Facult\u00e9 des Sciences Juridiques de l\u2019Universit\u00e9 de Lille II o\u00f9 il a obtenu le Dipl\u00f4me Universitaire Religions et Soci\u00e9t\u00e9 D\u00e9mocratique. Et aussi : la Formation Pastorale \u00e0 L\u2019\u00c9coute et \u00e0 la Communication ; la Formation \u00e0 l\u2019Accompagnement des Patients en Fin de Vie et de leur Entourage.<\/p>\n<p style=\"text-align: justify;\"><em>Pour les pasteurs et membres de nos \u00e9glises qui se sentent appel\u00e9s \u00e0 ce minist\u00e8re, n\u2019h\u00e9sitez pas \u00e0 nous contacter pour plus d\u2019informations et conseils.<\/em><\/p>\n<p>[\/vc_column_text][\/vc_column][\/vc_row]<\/p>\n<\/div>","protected":false},"excerpt":{"rendered":"<p>[vc_row css=&#8221;.vc_custom_1749185784671{padding-top: 110px !important;padding-bottom: 50px !important;}&#8221;][vc_column width=&#8221;1\/2&#8243;][vc_column_text css=&#8221;&#8221;] L\u2019Aum\u00f4nerie des \u00c9tablissements Sanitaires et M\u00e9dico-sociaux (AESMS) est un Service de la F\u00e9d\u00e9ration Protestante de France. \u00ab Le Service AESMS a pour [&hellip;]<\/p>\n","protected":false},"author":1,"featured_media":0,"parent":0,"menu_order":0,"comment_status":"closed","ping_status":"closed","template":"","meta":{"give_campaign_id":0,"_monsterinsights_skip_tracking":false,"_monsterinsights_sitenote_active":false,"_monsterinsights_sitenote_note":"","_monsterinsights_sitenote_category":0,"footnotes":""},"class_list":["post-3468","page","type-page","status-publish","hentry"],"aioseo_notices":[],"campaignId":"","_links":{"self":[{"href":"https:\/\/ceaf.fr\/index.php\/wp-json\/wp\/v2\/pages\/3468","targetHints":{"allow":["GET"]}}],"collection":[{"href":"https:\/\/ceaf.fr\/index.php\/wp-json\/wp\/v2\/pages"}],"about":[{"href":"https:\/\/ceaf.fr\/index.php\/wp-json\/wp\/v2\/types\/page"}],"author":[{"embeddable":true,"href":"https:\/\/ceaf.fr\/index.php\/wp-json\/wp\/v2\/users\/1"}],"replies":[{"embeddable":true,"href":"https:\/\/ceaf.fr\/index.php\/wp-json\/wp\/v2\/comments?post=3468"}],"version-history":[{"count":12,"href":"https:\/\/ceaf.fr\/index.php\/wp-json\/wp\/v2\/pages\/3468\/revisions"}],"predecessor-version":[{"id":3485,"href":"https:\/\/ceaf.fr\/index.php\/wp-json\/wp\/v2\/pages\/3468\/revisions\/3485"}],"wp:attachment":[{"href":"https:\/\/ceaf.fr\/index.php\/wp-json\/wp\/v2\/media?parent=3468"}],"curies":[{"name":"wp","href":"https:\/\/api.w.org\/{rel}","templated":true}]}}